{"id":1231,"date":"2025-05-26T16:50:39","date_gmt":"2025-05-26T14:50:39","guid":{"rendered":"https:\/\/cidex.dk\/de\/?page_id=1231"},"modified":"2025-05-26T16:50:49","modified_gmt":"2025-05-26T14:50:49","slug":"nachtlichter","status":"publish","type":"page","link":"https:\/\/cidex.dk\/de\/nachtlichter\/","title":{"rendered":"Nachtlichter"},"content":{"rendered":"","protected":false},"excerpt":{"rendered":"","protected":false},"author":1,"featured_media":0,"parent":0,"menu_order":0,"comment_status":"closed","ping_status":"closed","template":"","meta":{"_acf_changed":false,"footnotes":""},"acf":[],"yoast_head":"<!-- This site is optimized with the Yoast SEO plugin v22.9 - https:\/\/yoast.com\/wordpress\/plugins\/seo\/ -->\n<title>Gebetskerzen Gro\u00dfhandel - Hochwertige Kerzen vom d\u00e4nischen Hersteller<\/title>\n<meta name=\"description\" content=\"Kaufen Sie Gebetskerzen im Gro\u00dfhandel von einem d\u00e4nischen Hersteller. Cidex produziert Qualit\u00e4tsleuchten mit flexiblen L\u00f6sungen f\u00fcr B2B-Kunden in ganz D\u00e4nemark. Kontaktieren Sie uns f\u00fcr weitere Informationen.\" \/>\n<meta name=\"robots\" content=\"index, follow, max-snippet:-1, max-image-preview:large, max-video-preview:-1\" \/>\n<link rel=\"canonical\" href=\"https:\/\/cidex.dk\/de\/nachtlichter\/\" \/>\n<meta property=\"og:locale\" content=\"de_DE\" \/>\n<meta property=\"og:type\" content=\"article\" \/>\n<meta property=\"og:title\" content=\"Gebetskerzen Gro\u00dfhandel - Hochwertige Kerzen vom d\u00e4nischen Hersteller\" \/>\n<meta property=\"og:description\" content=\"Kaufen Sie Gebetskerzen im Gro\u00dfhandel von einem d\u00e4nischen Hersteller. Cidex produziert Qualit\u00e4tsleuchten mit flexiblen L\u00f6sungen f\u00fcr B2B-Kunden in ganz D\u00e4nemark. Kontaktieren Sie uns f\u00fcr weitere Informationen.\" \/>\n<meta property=\"og:url\" content=\"https:\/\/cidex.dk\/de\/nachtlichter\/\" \/>\n<meta property=\"og:site_name\" content=\"Cidex DE\" \/>\n<meta property=\"article:modified_time\" content=\"2025-05-26T14:50:49+00:00\" \/>\n<meta name=\"twitter:card\" content=\"summary_large_image\" \/>\n<meta name=\"twitter:label1\" content=\"Gesch\u00e4tzte Lesezeit\" \/>\n\t<meta name=\"twitter:data1\" content=\"6\u00a0Minuten\" \/>\n<!-- \/ Yoast SEO plugin. -->","yoast_head_json":{"title":"Gebetskerzen Gro\u00dfhandel - Hochwertige Kerzen vom d\u00e4nischen Hersteller","description":"Kaufen Sie Gebetskerzen im Gro\u00dfhandel von einem d\u00e4nischen Hersteller. Cidex produziert Qualit\u00e4tsleuchten mit flexiblen L\u00f6sungen f\u00fcr B2B-Kunden in ganz D\u00e4nemark. Kontaktieren Sie uns f\u00fcr weitere Informationen.","robots":{"index":"index","follow":"follow","max-snippet":"max-snippet:-1","max-image-preview":"max-image-preview:large","max-video-preview":"max-video-preview:-1"},"canonical":"https:\/\/cidex.dk\/de\/nachtlichter\/","og_locale":"de_DE","og_type":"article","og_title":"Gebetskerzen Gro\u00dfhandel - Hochwertige Kerzen vom d\u00e4nischen Hersteller","og_description":"Kaufen Sie Gebetskerzen im Gro\u00dfhandel von einem d\u00e4nischen Hersteller. Cidex produziert Qualit\u00e4tsleuchten mit flexiblen L\u00f6sungen f\u00fcr B2B-Kunden in ganz D\u00e4nemark. Kontaktieren Sie uns f\u00fcr weitere Informationen.","og_url":"https:\/\/cidex.dk\/de\/nachtlichter\/","og_site_name":"Cidex DE","article_modified_time":"2025-05-26T14:50:49+00:00","twitter_card":"summary_large_image","twitter_misc":{"Gesch\u00e4tzte Lesezeit":"6\u00a0Minuten"},"schema":{"@context":"https:\/\/schema.org","@graph":[{"@type":"WebPage","@id":"https:\/\/cidex.dk\/de\/nachtlichter\/","url":"https:\/\/cidex.dk\/de\/nachtlichter\/","name":"Gebetskerzen Gro\u00dfhandel - Hochwertige Kerzen vom d\u00e4nischen Hersteller","isPartOf":{"@id":"https:\/\/cidex.dk\/de\/#website"},"datePublished":"2025-05-26T14:50:39+00:00","dateModified":"2025-05-26T14:50:49+00:00","description":"Kaufen Sie Gebetskerzen im Gro\u00dfhandel von einem d\u00e4nischen Hersteller. Cidex produziert Qualit\u00e4tsleuchten mit flexiblen L\u00f6sungen f\u00fcr B2B-Kunden in ganz D\u00e4nemark. Kontaktieren Sie uns f\u00fcr weitere Informationen.","breadcrumb":{"@id":"https:\/\/cidex.dk\/de\/nachtlichter\/#breadcrumb"},"inLanguage":"de","potentialAction":[{"@type":"ReadAction","target":["https:\/\/cidex.dk\/de\/nachtlichter\/"]}]},{"@type":"BreadcrumbList","@id":"https:\/\/cidex.dk\/de\/nachtlichter\/#breadcrumb","itemListElement":[{"@type":"ListItem","position":1,"name":"Hjem","item":"https:\/\/cidex.dk\/de\/"},{"@type":"ListItem","position":2,"name":"Nachtlichter"}]},{"@type":"WebSite","@id":"https:\/\/cidex.dk\/de\/#website","url":"https:\/\/cidex.dk\/de\/","name":"Cidex DE","description":"","potentialAction":[{"@type":"SearchAction","target":{"@type":"EntryPoint","urlTemplate":"https:\/\/cidex.dk\/de\/?s={search_term_string}"},"query-input":"required name=search_term_string"}],"inLanguage":"de"}]}},"_links":{"self":[{"href":"https:\/\/cidex.dk\/de\/wp-json\/wp\/v2\/pages\/1231"}],"collection":[{"href":"https:\/\/cidex.dk\/de\/wp-json\/wp\/v2\/pages"}],"about":[{"href":"https:\/\/cidex.dk\/de\/wp-json\/wp\/v2\/types\/page"}],"author":[{"embeddable":true,"href":"https:\/\/cidex.dk\/de\/wp-json\/wp\/v2\/users\/1"}],"replies":[{"embeddable":true,"href":"https:\/\/cidex.dk\/de\/wp-json\/wp\/v2\/comments?post=1231"}],"version-history":[{"count":0,"href":"https:\/\/cidex.dk\/de\/wp-json\/wp\/v2\/pages\/1231\/revisions"}],"wp:attachment":[{"href":"https:\/\/cidex.dk\/de\/wp-json\/wp\/v2\/media?parent=1231"}],"curies":[{"name":"wp","href":"https:\/\/api.w.org\/{rel}","templated":true}]}}