{"id":1237,"date":"2025-05-26T16:51:58","date_gmt":"2025-05-26T14:51:58","guid":{"rendered":"https:\/\/cidex.dk\/de\/?page_id=1237"},"modified":"2025-05-26T16:52:07","modified_gmt":"2025-05-26T14:52:07","slug":"paraffin-kerzen","status":"publish","type":"page","link":"https:\/\/cidex.dk\/de\/paraffin-kerzen\/","title":{"rendered":"Paraffin-Kerzen"},"content":{"rendered":"","protected":false},"excerpt":{"rendered":"","protected":false},"author":1,"featured_media":0,"parent":0,"menu_order":0,"comment_status":"closed","ping_status":"closed","template":"","meta":{"_acf_changed":false,"footnotes":""},"acf":[],"yoast_head":"<!-- This site is optimized with the Yoast SEO plugin v22.9 - https:\/\/yoast.com\/wordpress\/plugins\/seo\/ -->\n<title>Paraffinkerzen Gro\u00dfhandel - Hersteller von Qualit\u00e4tskerzen f\u00fcr B2B-Verk\u00e4ufe<\/title>\n<meta name=\"description\" content=\"Paraffin-Kerzen Gro\u00dfhandel. Als Hersteller von 100%igen Qualit\u00e4tsparaffinkerzen haben wir flexible L\u00f6sungen f\u00fcr B2B-Kunden in ganz D\u00e4nemark. Lesen Sie mehr \u00fcber unsere Produktion.\" \/>\n<meta name=\"robots\" content=\"index, follow, max-snippet:-1, max-image-preview:large, max-video-preview:-1\" \/>\n<link rel=\"canonical\" href=\"https:\/\/cidex.dk\/de\/paraffin-kerzen\/\" \/>\n<meta property=\"og:locale\" content=\"de_DE\" \/>\n<meta property=\"og:type\" content=\"article\" \/>\n<meta property=\"og:title\" content=\"Paraffinkerzen Gro\u00dfhandel - Hersteller von Qualit\u00e4tskerzen f\u00fcr B2B-Verk\u00e4ufe\" \/>\n<meta property=\"og:description\" content=\"Paraffin-Kerzen Gro\u00dfhandel. Als Hersteller von 100%igen Qualit\u00e4tsparaffinkerzen haben wir flexible L\u00f6sungen f\u00fcr B2B-Kunden in ganz D\u00e4nemark. Lesen Sie mehr \u00fcber unsere Produktion.\" \/>\n<meta property=\"og:url\" content=\"https:\/\/cidex.dk\/de\/paraffin-kerzen\/\" \/>\n<meta property=\"og:site_name\" content=\"Cidex DE\" \/>\n<meta property=\"article:modified_time\" content=\"2025-05-26T14:52:07+00:00\" \/>\n<meta name=\"twitter:card\" content=\"summary_large_image\" \/>\n<meta name=\"twitter:label1\" content=\"Gesch\u00e4tzte Lesezeit\" \/>\n\t<meta name=\"twitter:data1\" content=\"5\u00a0Minuten\" \/>\n<!-- \/ Yoast SEO plugin. -->","yoast_head_json":{"title":"Paraffinkerzen Gro\u00dfhandel - Hersteller von Qualit\u00e4tskerzen f\u00fcr B2B-Verk\u00e4ufe","description":"Paraffin-Kerzen Gro\u00dfhandel. Als Hersteller von 100%igen Qualit\u00e4tsparaffinkerzen haben wir flexible L\u00f6sungen f\u00fcr B2B-Kunden in ganz D\u00e4nemark. Lesen Sie mehr \u00fcber unsere Produktion.","robots":{"index":"index","follow":"follow","max-snippet":"max-snippet:-1","max-image-preview":"max-image-preview:large","max-video-preview":"max-video-preview:-1"},"canonical":"https:\/\/cidex.dk\/de\/paraffin-kerzen\/","og_locale":"de_DE","og_type":"article","og_title":"Paraffinkerzen Gro\u00dfhandel - Hersteller von Qualit\u00e4tskerzen f\u00fcr B2B-Verk\u00e4ufe","og_description":"Paraffin-Kerzen Gro\u00dfhandel. Als Hersteller von 100%igen Qualit\u00e4tsparaffinkerzen haben wir flexible L\u00f6sungen f\u00fcr B2B-Kunden in ganz D\u00e4nemark. Lesen Sie mehr \u00fcber unsere Produktion.","og_url":"https:\/\/cidex.dk\/de\/paraffin-kerzen\/","og_site_name":"Cidex DE","article_modified_time":"2025-05-26T14:52:07+00:00","twitter_card":"summary_large_image","twitter_misc":{"Gesch\u00e4tzte Lesezeit":"5\u00a0Minuten"},"schema":{"@context":"https:\/\/schema.org","@graph":[{"@type":"WebPage","@id":"https:\/\/cidex.dk\/de\/paraffin-kerzen\/","url":"https:\/\/cidex.dk\/de\/paraffin-kerzen\/","name":"Paraffinkerzen Gro\u00dfhandel - Hersteller von Qualit\u00e4tskerzen f\u00fcr B2B-Verk\u00e4ufe","isPartOf":{"@id":"https:\/\/cidex.dk\/de\/#website"},"datePublished":"2025-05-26T14:51:58+00:00","dateModified":"2025-05-26T14:52:07+00:00","description":"Paraffin-Kerzen Gro\u00dfhandel. Als Hersteller von 100%igen Qualit\u00e4tsparaffinkerzen haben wir flexible L\u00f6sungen f\u00fcr B2B-Kunden in ganz D\u00e4nemark. Lesen Sie mehr \u00fcber unsere Produktion.","breadcrumb":{"@id":"https:\/\/cidex.dk\/de\/paraffin-kerzen\/#breadcrumb"},"inLanguage":"de","potentialAction":[{"@type":"ReadAction","target":["https:\/\/cidex.dk\/de\/paraffin-kerzen\/"]}]},{"@type":"BreadcrumbList","@id":"https:\/\/cidex.dk\/de\/paraffin-kerzen\/#breadcrumb","itemListElement":[{"@type":"ListItem","position":1,"name":"Hjem","item":"https:\/\/cidex.dk\/de\/"},{"@type":"ListItem","position":2,"name":"Paraffin-Kerzen"}]},{"@type":"WebSite","@id":"https:\/\/cidex.dk\/de\/#website","url":"https:\/\/cidex.dk\/de\/","name":"Cidex DE","description":"","potentialAction":[{"@type":"SearchAction","target":{"@type":"EntryPoint","urlTemplate":"https:\/\/cidex.dk\/de\/?s={search_term_string}"},"query-input":"required name=search_term_string"}],"inLanguage":"de"}]}},"_links":{"self":[{"href":"https:\/\/cidex.dk\/de\/wp-json\/wp\/v2\/pages\/1237"}],"collection":[{"href":"https:\/\/cidex.dk\/de\/wp-json\/wp\/v2\/pages"}],"about":[{"href":"https:\/\/cidex.dk\/de\/wp-json\/wp\/v2\/types\/page"}],"author":[{"embeddable":true,"href":"https:\/\/cidex.dk\/de\/wp-json\/wp\/v2\/users\/1"}],"replies":[{"embeddable":true,"href":"https:\/\/cidex.dk\/de\/wp-json\/wp\/v2\/comments?post=1237"}],"version-history":[{"count":0,"href":"https:\/\/cidex.dk\/de\/wp-json\/wp\/v2\/pages\/1237\/revisions"}],"wp:attachment":[{"href":"https:\/\/cidex.dk\/de\/wp-json\/wp\/v2\/media?parent=1237"}],"curies":[{"name":"wp","href":"https:\/\/api.w.org\/{rel}","templated":true}]}}