{"id":1239,"date":"2025-05-26T16:52:32","date_gmt":"2025-05-26T14:52:32","guid":{"rendered":"https:\/\/cidex.dk\/de\/?page_id=1239"},"modified":"2025-05-26T16:52:40","modified_gmt":"2025-05-26T14:52:40","slug":"rustikale-kerzen","status":"publish","type":"page","link":"https:\/\/cidex.dk\/de\/rustikale-kerzen\/","title":{"rendered":"Rustikale Kerzen"},"content":{"rendered":"","protected":false},"excerpt":{"rendered":"","protected":false},"author":1,"featured_media":0,"parent":0,"menu_order":0,"comment_status":"closed","ping_status":"closed","template":"","meta":{"_acf_changed":false,"footnotes":""},"acf":[],"yoast_head":"<!-- This site is optimized with the Yoast SEO plugin v22.9 - https:\/\/yoast.com\/wordpress\/plugins\/seo\/ -->\n<title>Rustikale Kerzen im Gro\u00dfhandel - Kaufen Sie Qualit\u00e4tskerzen in verschiedenen Gr\u00f6\u00dfen B2B<\/title>\n<meta name=\"description\" content=\"Kaufen Sie rustikale Kerzen im Gro\u00dfhandel bei Cidex. Wir produzieren hochwertige Kerzen in verschiedenen Gr\u00f6\u00dfen und bieten flexible Produktion und Lieferung. Kontaktieren Sie uns f\u00fcr B2B-Verk\u00e4ufe.\" \/>\n<meta name=\"robots\" content=\"index, follow, max-snippet:-1, max-image-preview:large, max-video-preview:-1\" \/>\n<link rel=\"canonical\" href=\"https:\/\/cidex.dk\/de\/rustikale-kerzen\/\" \/>\n<meta property=\"og:locale\" content=\"de_DE\" \/>\n<meta property=\"og:type\" content=\"article\" \/>\n<meta property=\"og:title\" content=\"Rustikale Kerzen im Gro\u00dfhandel - Kaufen Sie Qualit\u00e4tskerzen in verschiedenen Gr\u00f6\u00dfen B2B\" \/>\n<meta property=\"og:description\" content=\"Kaufen Sie rustikale Kerzen im Gro\u00dfhandel bei Cidex. Wir produzieren hochwertige Kerzen in verschiedenen Gr\u00f6\u00dfen und bieten flexible Produktion und Lieferung. Kontaktieren Sie uns f\u00fcr B2B-Verk\u00e4ufe.\" \/>\n<meta property=\"og:url\" content=\"https:\/\/cidex.dk\/de\/rustikale-kerzen\/\" \/>\n<meta property=\"og:site_name\" content=\"Cidex DE\" \/>\n<meta property=\"article:modified_time\" content=\"2025-05-26T14:52:40+00:00\" \/>\n<meta name=\"twitter:card\" content=\"summary_large_image\" \/>\n<meta name=\"twitter:label1\" content=\"Gesch\u00e4tzte Lesezeit\" \/>\n\t<meta name=\"twitter:data1\" content=\"5\u00a0Minuten\" \/>\n<!-- \/ Yoast SEO plugin. -->","yoast_head_json":{"title":"Rustikale Kerzen im Gro\u00dfhandel - Kaufen Sie Qualit\u00e4tskerzen in verschiedenen Gr\u00f6\u00dfen B2B","description":"Kaufen Sie rustikale Kerzen im Gro\u00dfhandel bei Cidex. Wir produzieren hochwertige Kerzen in verschiedenen Gr\u00f6\u00dfen und bieten flexible Produktion und Lieferung. Kontaktieren Sie uns f\u00fcr B2B-Verk\u00e4ufe.","robots":{"index":"index","follow":"follow","max-snippet":"max-snippet:-1","max-image-preview":"max-image-preview:large","max-video-preview":"max-video-preview:-1"},"canonical":"https:\/\/cidex.dk\/de\/rustikale-kerzen\/","og_locale":"de_DE","og_type":"article","og_title":"Rustikale Kerzen im Gro\u00dfhandel - Kaufen Sie Qualit\u00e4tskerzen in verschiedenen Gr\u00f6\u00dfen B2B","og_description":"Kaufen Sie rustikale Kerzen im Gro\u00dfhandel bei Cidex. Wir produzieren hochwertige Kerzen in verschiedenen Gr\u00f6\u00dfen und bieten flexible Produktion und Lieferung. Kontaktieren Sie uns f\u00fcr B2B-Verk\u00e4ufe.","og_url":"https:\/\/cidex.dk\/de\/rustikale-kerzen\/","og_site_name":"Cidex DE","article_modified_time":"2025-05-26T14:52:40+00:00","twitter_card":"summary_large_image","twitter_misc":{"Gesch\u00e4tzte Lesezeit":"5\u00a0Minuten"},"schema":{"@context":"https:\/\/schema.org","@graph":[{"@type":"WebPage","@id":"https:\/\/cidex.dk\/de\/rustikale-kerzen\/","url":"https:\/\/cidex.dk\/de\/rustikale-kerzen\/","name":"Rustikale Kerzen im Gro\u00dfhandel - Kaufen Sie Qualit\u00e4tskerzen in verschiedenen Gr\u00f6\u00dfen B2B","isPartOf":{"@id":"https:\/\/cidex.dk\/de\/#website"},"datePublished":"2025-05-26T14:52:32+00:00","dateModified":"2025-05-26T14:52:40+00:00","description":"Kaufen Sie rustikale Kerzen im Gro\u00dfhandel bei Cidex. Wir produzieren hochwertige Kerzen in verschiedenen Gr\u00f6\u00dfen und bieten flexible Produktion und Lieferung. Kontaktieren Sie uns f\u00fcr B2B-Verk\u00e4ufe.","breadcrumb":{"@id":"https:\/\/cidex.dk\/de\/rustikale-kerzen\/#breadcrumb"},"inLanguage":"de","potentialAction":[{"@type":"ReadAction","target":["https:\/\/cidex.dk\/de\/rustikale-kerzen\/"]}]},{"@type":"BreadcrumbList","@id":"https:\/\/cidex.dk\/de\/rustikale-kerzen\/#breadcrumb","itemListElement":[{"@type":"ListItem","position":1,"name":"Hjem","item":"https:\/\/cidex.dk\/de\/"},{"@type":"ListItem","position":2,"name":"Rustikale Kerzen"}]},{"@type":"WebSite","@id":"https:\/\/cidex.dk\/de\/#website","url":"https:\/\/cidex.dk\/de\/","name":"Cidex DE","description":"","potentialAction":[{"@type":"SearchAction","target":{"@type":"EntryPoint","urlTemplate":"https:\/\/cidex.dk\/de\/?s={search_term_string}"},"query-input":"required name=search_term_string"}],"inLanguage":"de"}]}},"_links":{"self":[{"href":"https:\/\/cidex.dk\/de\/wp-json\/wp\/v2\/pages\/1239"}],"collection":[{"href":"https:\/\/cidex.dk\/de\/wp-json\/wp\/v2\/pages"}],"about":[{"href":"https:\/\/cidex.dk\/de\/wp-json\/wp\/v2\/types\/page"}],"author":[{"embeddable":true,"href":"https:\/\/cidex.dk\/de\/wp-json\/wp\/v2\/users\/1"}],"replies":[{"embeddable":true,"href":"https:\/\/cidex.dk\/de\/wp-json\/wp\/v2\/comments?post=1239"}],"version-history":[{"count":0,"href":"https:\/\/cidex.dk\/de\/wp-json\/wp\/v2\/pages\/1239\/revisions"}],"wp:attachment":[{"href":"https:\/\/cidex.dk\/de\/wp-json\/wp\/v2\/media?parent=1239"}],"curies":[{"name":"wp","href":"https:\/\/api.w.org\/{rel}","templated":true}]}}